{"id":3721,"date":"2021-07-30T19:52:19","date_gmt":"2021-07-30T19:52:19","guid":{"rendered":"https:\/\/biblesociety.ca\/accessibility\/"},"modified":"2021-09-01T21:47:55","modified_gmt":"2021-09-01T21:47:55","slug":"accessibility","status":"publish","type":"page","link":"https:\/\/staging.biblesociety.ca\/fr\/accessibility\/","title":{"rendered":"Politique sur l\u2019accessibilit\u00e9"},"content":{"rendered":"<p>[et_pb_section fb_built=\u00a0\u00bb1&Prime; admin_label=\u00a0\u00bbsection\u00a0\u00bb _builder_version=\u00a0\u00bb3.22&Prime;][et_pb_row admin_label=\u00a0\u00bbrow\u00a0\u00bb _builder_version=\u00a0\u00bb3.25&Prime; background_size=\u00a0\u00bbinitial\u00a0\u00bb background_position=\u00a0\u00bbtop_left\u00a0\u00bb background_repeat=\u00a0\u00bbrepeat\u00a0\u00bb][et_pb_column type=\u00a0\u00bb4_4&Prime; _builder_version=\u00a0\u00bb3.25&Prime; custom_padding=\u00a0\u00bb|||\u00a0\u00bb custom_padding__hover=\u00a0\u00bb|||\u00a0\u00bb][et_pb_post_title meta=\u00a0\u00bboff\u00a0\u00bb _builder_version=\u00a0\u00bb4.9.2&Prime; _module_preset=\u00a0\u00bbdefault\u00a0\u00bb][\/et_pb_post_title][et_pb_text admin_label=\u00a0\u00bbText\u00a0\u00bb _builder_version=\u00a0\u00bb4.9.4&Prime; background_size=\u00a0\u00bbinitial\u00a0\u00bb background_position=\u00a0\u00bbtop_left\u00a0\u00bb background_repeat=\u00a0\u00bbrepeat\u00a0\u00bb hover_enabled=\u00a0\u00bb0&Prime; sticky_enabled=\u00a0\u00bb0&Prime;]<\/p>\n<p>La Soci\u00e9t\u00e9 biblique canadienne (SBC) se soucie de toutes les personnes qu\u2019elle sert et avec lesquelles elle collabore. Dans la mesure du possible, elle d\u00e9ploiera tous les efforts raisonnables pour rendre ses biens et services accessibles, en suivant les principes de la dignit\u00e9, de l\u2019ind\u00e9pendance, de l\u2019int\u00e9gration et de l\u2019\u00e9galit\u00e9 des chances.<\/p>\n<h3>Offre de biens et de services<\/h3>\n<p>Nous rendrons les biens et les services de la SBC accessibles comme suit:<\/p>\n<ul>\n<li>en veillant \u00e0 ce que tous les clients re\u00e7oivent la m\u00eame valeur et la m\u00eame qualit\u00e9;<\/li>\n<li>en permettant aux clients ayant un handicap d\u2019acc\u00e9der aux biens et aux services et de les utiliser \u00e0 leur fa\u00e7on et \u00e0 leur propre rythme, \u00e0 condition que cela ne pr\u00e9sente pas un risque pour la s\u00e9curit\u00e9;<\/li>\n<li>en utilisant des moyens de rechange si possible, pour veiller \u00e0 ce que les clients ayant un handicap aient acc\u00e8s aux m\u00eames services, au m\u00eame endroit et de la m\u00eame mani\u00e8re que les autres;<\/li>\n<li>en tenant compte des besoins particuliers des clients qui utilisent nos biens et nos services;<\/li>\n<li>en communiquant d\u2019une mani\u00e8re qui tienne compte du handicap du client.<\/li>\n<\/ul>\n<h3>Appareils et accessoires fonctionnels<\/h3>\n<p>Quoique la SBC ne fournisse pas de dispositifs d\u2019assistance \u00e0 ses clients, ceux-ci peuvent utiliser leurs propres appareils et accessoires fonctionnels lorsqu\u2019ils acc\u00e8dent aux biens ou aux services fournis par la SBC.<\/p>\n<p>Si un appareil fonctionnel pose un probl\u00e8me de s\u00e9curit\u00e9 ou si le client \u00e9prouve des difficult\u00e9s d\u2019acc\u00e8s, d\u2019autres mesures raisonnables seront prises pour assurer l\u2019acc\u00e8s aux biens et aux services.<\/p>\n<h3>L\u2019utilisation de chiens-guides et de chiens et autres animaux de service<\/h3>\n<p>Un client ayant une d\u00e9ficience qui est accompagn\u00e9 d\u2019un chien-guide ou d\u2019un chien ou autre animal de service pourra acc\u00e9der aux locaux qui sont ouverts au public, sauf s\u2019ils sont autrement exclus par la Loi. Les politiques et r\u00e8glements qui interdisent l\u2019acc\u00e8s aux animaux ne s\u2019appliquent pas aux chien-guides ni aux chiens et autres animaux de service.<\/p>\n<p>S\u2019il n\u2019est pas \u00e9vident que l\u2019animal sert \u00e0 des raisons li\u00e9es \u00e0 un handicap, la SBC pourra v\u00e9rifier aupr\u00e8s du client.<\/p>\n<p>Il incombe au client qui est accompagn\u00e9 d\u2019un chien-guide ou d\u2019un chien ou autre animal de service de s\u2019occuper de son animal et de le ma\u00eetriser en tout temps.<\/p>\n<p>Si un probl\u00e8me de sant\u00e9 ou de s\u00e9curit\u00e9 se pr\u00e9sente, comme dans le cas d\u2019une allergie grave aux animaux, la SBC fera tout son possible pour r\u00e9pondre aux besoins des personnes concern\u00e9es.<\/p>\n<h3>Recours \u00e0 une personne de soutien<\/h3>\n<p>Si un client ayant un handicap est accompagn\u00e9 d\u2019une personne de soutien, la SBC veillera \u00e0 ce que les deux personnes puissent entrer dans les locaux en m\u00eame temps et \u00e0 ce que le client puisse obtenir l\u2019aide de cette personne de soutien. Il peut arriver qu\u2019un manque de places ne permette pas au client et \u00e0 sa personne de soutien de s\u2019asseoir c\u00f4te \u00e0 c\u00f4te. La SBC fera alors tous les efforts raisonnables pour r\u00e9soudre le probl\u00e8me. S\u2019il faut aborder des renseignements confidentiels, nous obtiendrons le consentement du client avant de tenir toute conversation o\u00f9 ces renseignements confidentiels pourraient \u00eatre divulgu\u00e9s.<\/p>\n<h3>Avis d\u2019interruption de services<\/h3>\n<p>Des interruptions de services peuvent survenir pour des raisons ind\u00e9pendantes de la volont\u00e9 ou de la connaissance de la SBC. En cas de fermeture temporaire des installations ou d\u2019interruption de services dont d\u00e9pendent les clients handicap\u00e9s pour acc\u00e9der \u00e0 des biens ou \u00e0 des services de la SBC ou les utiliser, nous nous efforcerons d\u2019aviser les gens au pr\u00e9alable. Cela pourrait cependant ne pas \u00eatre possible dans certains cas, comme lors de perturbations temporaires impr\u00e9vues.<\/p>\n<h3>Processus de r\u00e9troaction<\/h3>\n<p>La SBC accueille et encourage la r\u00e9troaction de la part des clients. Des formules de r\u00e9troaction et des renseignements sur le processus de r\u00e9troaction sont disponibles sur demande ou sur le site de la SBC, \u00e0 l\u2019adresse <a href=\"https:\/\/staging.biblesociety.ca\/fr\/contact-us\/?lang=fr\">www.societebiblique.ca<\/a>.<\/p>\n<p>Les clients peuvent soumettre leur r\u00e9troaction comme suit:<\/p>\n<p>Directrice des Ressources humaines<br \/>T\u00e9l\u00e9phone: 416-757-4171<br \/>Adresse postale: 10 Carnforth Road, Toronto, ON M4A 2S4<br \/>Courriel: <a href=\"mailto:humanresources@biblesociety.ca\">humanresources@biblesociety.ca<\/a><\/p>\n<p>Les clients qui soumettent officiellement de la r\u00e9troaction recevront un accus\u00e9 de r\u00e9ception et des renseignements sur toute mesure prise par suite de leur r\u00e9troaction.<\/p>\n<p>[\/et_pb_text][\/et_pb_column][\/et_pb_row][\/et_pb_section]<\/p>\n","protected":false},"excerpt":{"rendered":"<p>La Soci\u00e9t\u00e9 biblique canadienne (SBC) se soucie de toutes les personnes qu\u2019elle sert et avec lesquelles elle collabore. Dans la mesure du possible, elle d\u00e9ploiera tous les efforts raisonnables pour rendre ses biens et services accessibles, en suivant les principes de la dignit\u00e9, de l\u2019ind\u00e9pendance, de l\u2019int\u00e9gration et de l\u2019\u00e9galit\u00e9 des chances. Offre de biens [&hellip;]<\/p>\n","protected":false},"author":10,"featured_media":0,"parent":0,"menu_order":0,"comment_status":"closed","ping_status":"closed","template":"","meta":{"_acf_changed":false,"_et_pb_use_builder":"on","_et_pb_old_content":"","_et_gb_content_width":"","om_disable_all_campaigns":false,"inline_featured_image":false,"footnotes":""},"class_list":["post-3721","page","type-page","status-publish","hentry"],"acf":[],"yoast_head":"<!-- This site is optimized with the Yoast SEO Premium plugin v27.1 (Yoast SEO v27.1.1) - https:\/\/yoast.com\/product\/yoast-seo-premium-wordpress\/ -->\n<title>Politique sur l\u2019accessibilit\u00e9 - Canadian Bible Society<\/title>\n<meta name=\"robots\" content=\"noindex, follow, max-snippet:-1, max-image-preview:large, max-video-preview:-1\" \/>\n<meta property=\"og:locale\" content=\"fr_FR\" \/>\n<meta property=\"og:type\" content=\"article\" \/>\n<meta property=\"og:title\" content=\"Politique sur l\u2019accessibilit\u00e9\" \/>\n<meta property=\"og:description\" content=\"La Soci\u00e9t\u00e9 biblique canadienne (SBC) se soucie de toutes les personnes qu\u2019elle sert et avec lesquelles elle collabore. Dans la mesure du possible, elle d\u00e9ploiera tous les efforts raisonnables pour rendre ses biens et services accessibles, en suivant les principes de la dignit\u00e9, de l\u2019ind\u00e9pendance, de l\u2019int\u00e9gration et de l\u2019\u00e9galit\u00e9 des chances. Offre de biens [&hellip;]\" \/>\n<meta property=\"og:url\" content=\"https:\/\/staging.biblesociety.ca\/accessibility\/\" \/>\n<meta property=\"og:site_name\" content=\"Canadian Bible Society\" \/>\n<meta property=\"article:publisher\" content=\"https:\/\/www.facebook.com\/CanadianBibleSociety\" \/>\n<meta property=\"article:modified_time\" content=\"2021-09-01T21:47:55+00:00\" \/>\n<meta property=\"og:image\" content=\"https:\/\/staging.biblesociety.ca\/wp-content\/uploads\/2021\/04\/cbs-logo-full-color-rgb-1000px@300ppi.png\" \/>\n\t<meta property=\"og:image:width\" content=\"1000\" \/>\n\t<meta property=\"og:image:height\" content=\"397\" \/>\n\t<meta property=\"og:image:type\" content=\"image\/png\" \/>\n<meta name=\"twitter:card\" content=\"summary_large_image\" \/>\n<meta name=\"twitter:site\" content=\"@CanadianBible\" \/>\n<meta name=\"twitter:label1\" content=\"Dur\u00e9e de lecture estim\u00e9e\" \/>\n\t<meta name=\"twitter:data1\" content=\"4 minutes\" \/>\n<script type=\"application\/ld+json\" class=\"yoast-schema-graph\">{\"@context\":\"https:\/\/schema.org\",\"@graph\":[{\"@type\":\"WebPage\",\"@id\":\"https:\/\/staging.biblesociety.ca\/accessibility\/\",\"url\":\"https:\/\/staging.biblesociety.ca\/accessibility\/\",\"name\":\"Politique sur l\u2019accessibilit\u00e9 - Canadian Bible Society\",\"isPartOf\":{\"@id\":\"https:\/\/staging.biblesociety.ca\/#website\"},\"datePublished\":\"2021-07-30T19:52:19+00:00\",\"dateModified\":\"2021-09-01T21:47:55+00:00\",\"breadcrumb\":{\"@id\":\"https:\/\/staging.biblesociety.ca\/accessibility\/#breadcrumb\"},\"inLanguage\":\"fr-FR\",\"potentialAction\":[{\"@type\":\"ReadAction\",\"target\":[\"https:\/\/staging.biblesociety.ca\/accessibility\/\"]}]},{\"@type\":\"BreadcrumbList\",\"@id\":\"https:\/\/staging.biblesociety.ca\/accessibility\/#breadcrumb\",\"itemListElement\":[{\"@type\":\"ListItem\",\"position\":1,\"name\":\"Home\",\"item\":\"https:\/\/staging.biblesociety.ca\/fr\/\"},{\"@type\":\"ListItem\",\"position\":2,\"name\":\"Politique sur l\u2019accessibilit\u00e9\"}]},{\"@type\":\"WebSite\",\"@id\":\"https:\/\/staging.biblesociety.ca\/#website\",\"url\":\"https:\/\/staging.biblesociety.ca\/\",\"name\":\"Canadian Bible Society\",\"description\":\"Helping People Hear God&#039;s Voice\",\"publisher\":{\"@id\":\"https:\/\/staging.biblesociety.ca\/#organization\"},\"potentialAction\":[{\"@type\":\"SearchAction\",\"target\":{\"@type\":\"EntryPoint\",\"urlTemplate\":\"https:\/\/staging.biblesociety.ca\/?s={search_term_string}\"},\"query-input\":{\"@type\":\"PropertyValueSpecification\",\"valueRequired\":true,\"valueName\":\"search_term_string\"}}],\"inLanguage\":\"fr-FR\"},{\"@type\":\"Organization\",\"@id\":\"https:\/\/staging.biblesociety.ca\/#organization\",\"name\":\"Canadian Bible Society\",\"url\":\"https:\/\/staging.biblesociety.ca\/\",\"logo\":{\"@type\":\"ImageObject\",\"inLanguage\":\"fr-FR\",\"@id\":\"https:\/\/staging.biblesociety.ca\/#\/schema\/logo\/image\/\",\"url\":\"https:\/\/staging.biblesociety.ca\/wp-content\/uploads\/2021\/04\/cbs-logo-full-color-rgb-1000px@300ppi.png\",\"contentUrl\":\"https:\/\/staging.biblesociety.ca\/wp-content\/uploads\/2021\/04\/cbs-logo-full-color-rgb-1000px@300ppi.png\",\"width\":1000,\"height\":397,\"caption\":\"Canadian Bible Society\"},\"image\":{\"@id\":\"https:\/\/staging.biblesociety.ca\/#\/schema\/logo\/image\/\"},\"sameAs\":[\"https:\/\/www.facebook.com\/CanadianBibleSociety\",\"https:\/\/x.com\/CanadianBible\",\"https:\/\/www.instagram.com\/canadianbiblesociety\/\",\"https:\/\/www.linkedin.com\/company\/canadian-bible-society\",\"https:\/\/www.youtube.com\/channel\/UCk9dtVNXJsg5_c1H5LwiIiw\"]}]}<\/script>\n<!-- \/ Yoast SEO Premium plugin. -->","yoast_head_json":{"title":"Politique sur l\u2019accessibilit\u00e9 - Canadian Bible Society","robots":{"index":"noindex","follow":"follow","max-snippet":"max-snippet:-1","max-image-preview":"max-image-preview:large","max-video-preview":"max-video-preview:-1"},"og_locale":"fr_FR","og_type":"article","og_title":"Politique sur l\u2019accessibilit\u00e9","og_description":"La Soci\u00e9t\u00e9 biblique canadienne (SBC) se soucie de toutes les personnes qu\u2019elle sert et avec lesquelles elle collabore. Dans la mesure du possible, elle d\u00e9ploiera tous les efforts raisonnables pour rendre ses biens et services accessibles, en suivant les principes de la dignit\u00e9, de l\u2019ind\u00e9pendance, de l\u2019int\u00e9gration et de l\u2019\u00e9galit\u00e9 des chances. Offre de biens [&hellip;]","og_url":"https:\/\/staging.biblesociety.ca\/accessibility\/","og_site_name":"Canadian Bible Society","article_publisher":"https:\/\/www.facebook.com\/CanadianBibleSociety","article_modified_time":"2021-09-01T21:47:55+00:00","og_image":[{"width":1000,"height":397,"url":"https:\/\/staging.biblesociety.ca\/wp-content\/uploads\/2021\/04\/cbs-logo-full-color-rgb-1000px@300ppi.png","type":"image\/png"}],"twitter_card":"summary_large_image","twitter_site":"@CanadianBible","twitter_misc":{"Dur\u00e9e de lecture estim\u00e9e":"4 minutes"},"schema":{"@context":"https:\/\/schema.org","@graph":[{"@type":"WebPage","@id":"https:\/\/staging.biblesociety.ca\/accessibility\/","url":"https:\/\/staging.biblesociety.ca\/accessibility\/","name":"Politique sur l\u2019accessibilit\u00e9 - Canadian Bible Society","isPartOf":{"@id":"https:\/\/staging.biblesociety.ca\/#website"},"datePublished":"2021-07-30T19:52:19+00:00","dateModified":"2021-09-01T21:47:55+00:00","breadcrumb":{"@id":"https:\/\/staging.biblesociety.ca\/accessibility\/#breadcrumb"},"inLanguage":"fr-FR","potentialAction":[{"@type":"ReadAction","target":["https:\/\/staging.biblesociety.ca\/accessibility\/"]}]},{"@type":"BreadcrumbList","@id":"https:\/\/staging.biblesociety.ca\/accessibility\/#breadcrumb","itemListElement":[{"@type":"ListItem","position":1,"name":"Home","item":"https:\/\/staging.biblesociety.ca\/fr\/"},{"@type":"ListItem","position":2,"name":"Politique sur l\u2019accessibilit\u00e9"}]},{"@type":"WebSite","@id":"https:\/\/staging.biblesociety.ca\/#website","url":"https:\/\/staging.biblesociety.ca\/","name":"Canadian Bible Society","description":"Helping People Hear God&#039;s Voice","publisher":{"@id":"https:\/\/staging.biblesociety.ca\/#organization"},"potentialAction":[{"@type":"SearchAction","target":{"@type":"EntryPoint","urlTemplate":"https:\/\/staging.biblesociety.ca\/?s={search_term_string}"},"query-input":{"@type":"PropertyValueSpecification","valueRequired":true,"valueName":"search_term_string"}}],"inLanguage":"fr-FR"},{"@type":"Organization","@id":"https:\/\/staging.biblesociety.ca\/#organization","name":"Canadian Bible Society","url":"https:\/\/staging.biblesociety.ca\/","logo":{"@type":"ImageObject","inLanguage":"fr-FR","@id":"https:\/\/staging.biblesociety.ca\/#\/schema\/logo\/image\/","url":"https:\/\/staging.biblesociety.ca\/wp-content\/uploads\/2021\/04\/cbs-logo-full-color-rgb-1000px@300ppi.png","contentUrl":"https:\/\/staging.biblesociety.ca\/wp-content\/uploads\/2021\/04\/cbs-logo-full-color-rgb-1000px@300ppi.png","width":1000,"height":397,"caption":"Canadian Bible Society"},"image":{"@id":"https:\/\/staging.biblesociety.ca\/#\/schema\/logo\/image\/"},"sameAs":["https:\/\/www.facebook.com\/CanadianBibleSociety","https:\/\/x.com\/CanadianBible","https:\/\/www.instagram.com\/canadianbiblesociety\/","https:\/\/www.linkedin.com\/company\/canadian-bible-society","https:\/\/www.youtube.com\/channel\/UCk9dtVNXJsg5_c1H5LwiIiw"]}]}},"_links":{"self":[{"href":"https:\/\/staging.biblesociety.ca\/fr\/wp-json\/wp\/v2\/pages\/3721","targetHints":{"allow":["GET"]}}],"collection":[{"href":"https:\/\/staging.biblesociety.ca\/fr\/wp-json\/wp\/v2\/pages"}],"about":[{"href":"https:\/\/staging.biblesociety.ca\/fr\/wp-json\/wp\/v2\/types\/page"}],"author":[{"embeddable":true,"href":"https:\/\/staging.biblesociety.ca\/fr\/wp-json\/wp\/v2\/users\/10"}],"replies":[{"embeddable":true,"href":"https:\/\/staging.biblesociety.ca\/fr\/wp-json\/wp\/v2\/comments?post=3721"}],"version-history":[{"count":0,"href":"https:\/\/staging.biblesociety.ca\/fr\/wp-json\/wp\/v2\/pages\/3721\/revisions"}],"wp:attachment":[{"href":"https:\/\/staging.biblesociety.ca\/fr\/wp-json\/wp\/v2\/media?parent=3721"}],"curies":[{"name":"wp","href":"https:\/\/api.w.org\/{rel}","templated":true}]}}